{"id":57903,"date":"2021-11-02T23:52:30","date_gmt":"2021-11-02T23:52:30","guid":{"rendered":"https:\/\/alieurope.eu\/?post_type=product&#038;p=57903"},"modified":"2023-09-24T01:07:01","modified_gmt":"2023-09-24T01:07:01","slug":"new-adisputent-mens-sweatpants-sexy-hole-jeans-pants-casual-summer-autumn-male-ripped-skinny-trousers-slim-biker-outwears-pants","status":"publish","type":"product","link":"https:\/\/alieurope.eu\/index.php\/product\/new-adisputent-mens-sweatpants-sexy-hole-jeans-pants-casual-summer-autumn-male-ripped-skinny-trousers-slim-biker-outwears-pants\/","title":{"rendered":"New Adisputent Men&#8217;s Sweatpants Sexy Hole Jeans Pants Casual Summer Autumn Male Ripped Skinny Trousers Slim Biker Outwears Pants"},"content":{"rendered":"<p align=\"center\">\n<p align=\"center\"><img decoding=\"async\" class=\"img-responsive\" src=\"https:\/\/ae01.alicdn.com\/kf\/H2558fefc75824d0abd6592567e95df840.jpg\"><\/p>\n<p align=\"center\">\n<p> Material:denim tuch. Super weich und bequem stoff gefertigt. Durable genug f\u00fcr sie t\u00e4gliche tragen<br \/>\nFarbe-4Farben Erh\u00e4ltlich. Wie Das Foto (feste)<br \/>\nMenge: 1 PC<br \/>\nPaket Enthalten: 1x m\u00e4nner Pullover<\/p>\n<p>Verkauf punkte:<\/p>\n<p>Details-Schlanke beine, taschen design<br \/>\nSuper bequem, hervorragende stretchy, bequeme stretch d\u00fcnne jeans made von hervorragende elastische stoff, dass h\u00e4lt es form den ganzen tag, lassen sie sie haben keine einschr\u00e4nkung und gef\u00fchl komfort<br \/>\nGro\u00dfe zu spiel mit jeder bluse tops, T shirts, rollkragen, sweatshirt, jacken, m\u00e4ntel und schuhe, zu geben sie eine sch\u00f6n und cool aussehen<br \/>\n Material:denim tuch. Super weich und bequem stoff gefertigt. Durable genug f\u00fcr sie t\u00e4gliche tragen<br \/>\nAnlass: Geeignet f\u00fcr fr\u00fchjahr und sommer, t\u00e4glich, party, schule, arbeit, einkaufen, stra\u00dfe, dating, sexy und charmant.<\/p>\n<p>Sie Kann mehr sehen in tats\u00e4chlichen Bild undDetailZeigen. <\/p>\n<p align=\"center\">\u2665FOLGEN SIE UNS! erhalten Sie eine extra funs rabatt (extrEin1% ~ 2% off)! danke!\u2665<\/p>\n<p align=\"center\"><img decoding=\"async\" class=\"img-responsive\" src=\"https:\/\/ae01.alicdn.com\/kf\/H58342f5f5c834497af0f089dd277b813h.jpg\"><\/p>\n<p align=\"center\"><img decoding=\"async\" class=\"img-responsive\" src=\"https:\/\/ae01.alicdn.com\/kf\/He7aaac4980824e769fafe8260b75445a9.jpg\"><\/p>\n<p align=\"center\">\n<p align=\"left\">Aufmerksamkeit Tipps:<br \/>1. Tag gr\u00f6\u00dfe ist Asiatische gr\u00f6\u00dfe, die ist 1-2 gr\u00f6\u00dfe kleiner als US\/EURO gr\u00f6\u00dfe.<br \/>2. es sind einige farbe unterschied aufgrund der licht, hoffe, sie k\u00f6nnen verstehen.<br \/>3. 1-3cm fehler ist m\u00f6glich. (Wenn sie nicht sicher sind, die gr\u00f6\u00dfe, kontaktieren sie uns bitte vor zahlung.)&#8221;<\/p>\n<p align=\"center\"><img decoding=\"async\" class=\"img-responsive\" src=\"https:\/\/ae01.alicdn.com\/kf\/H3413463e7069434ea7d2850fafb3d45bp.jpg\"><\/p>\n<p><img decoding=\"async\" class=\"img-responsive\" src=\"https:\/\/ae01.alicdn.com\/kf\/Hb5ea7b2d8dcf41f29ebd91834934a4243.jpg\"><\/p>\n<p><img decoding=\"async\" class=\"img-responsive\" src=\"https:\/\/ae01.alicdn.com\/kf\/Ha755c526d5514b5b94f89373e6f8d4beL.jpg\"><\/p>\n<p><img decoding=\"async\" class=\"img-responsive\" src=\"https:\/\/ae01.alicdn.com\/kf\/H300c5ee6fff84a47914f200c3c5fba21L.jpg\"><\/p>\n<p><img decoding=\"async\" class=\"img-responsive\" src=\"https:\/\/ae01.alicdn.com\/kf\/Hd6ee40ac847e45828af553ab33e170faP.jpg\"><\/p>\n<p><img decoding=\"async\" class=\"img-responsive\" src=\"https:\/\/ae01.alicdn.com\/kf\/Hbdb1551e3e7844dba9a7a6759853d372o.jpg\"><\/p>\n<p><img decoding=\"async\" class=\"img-responsive\" src=\"https:\/\/ae01.alicdn.com\/kf\/H0376e68ffed343828a20c25c5d67e5941.jpg\"><\/p>\n<p><img decoding=\"async\" class=\"img-responsive\" src=\"https:\/\/ae01.alicdn.com\/kf\/Hf1fca169cfa741929f0cbdeaa325d590v.jpg\"><\/p>\n<p><img decoding=\"async\" class=\"img-responsive\" src=\"https:\/\/ae01.alicdn.com\/kf\/H12e11a802be74072a237180cfa2e1689n.jpg\"><\/p>\n<p align=\"center\"><img decoding=\"async\" class=\"img-responsive\" src=\"https:\/\/ae01.alicdn.com\/kf\/Hfea39361080b4a87b648cec974120ee09.jpg\"><\/p>\n<p align=\"center\"><img decoding=\"async\" class=\"img-responsive\" src=\"https:\/\/ae01.alicdn.com\/kf\/Hbcad62213dc748a89806d695eeb1dea1K.jpg\"><\/p>\n","protected":false},"excerpt":{"rendered":"<p>Material:denim tuch. Super weich und bequem stoff gefertigt. Durable genug f\u00fcr sie t\u00e4gliche tragen Farbe-4Farben Erh\u00e4ltlich. Wie Das Foto (feste) Menge: 1 PC Paket Enthalten: 1x m\u00e4nner Pullover Verkauf punkte: Details-Schlanke beine, taschen design Super bequem, hervorragende stretchy, bequeme stretch d\u00fcnne jeans made von hervorragende elastische stoff, dass h\u00e4lt es form den ganzen tag, lassen [&hellip;]<\/p>\n","protected":false},"featured_media":58089,"comment_status":"open","ping_status":"closed","template":"","meta":[],"product_brand":[],"product_cat":[36],"product_tag":[],"class_list":{"0":"post-57903","1":"product","2":"type-product","3":"status-publish","4":"has-post-thumbnail","6":"product_cat-jeans","8":"first","9":"instock","10":"sale","11":"shipping-taxable","12":"product-type-external"},"_links":{"self":[{"href":"https:\/\/alieurope.eu\/index.php\/wp-json\/wp\/v2\/product\/57903","targetHints":{"allow":["GET"]}}],"collection":[{"href":"https:\/\/alieurope.eu\/index.php\/wp-json\/wp\/v2\/product"}],"about":[{"href":"https:\/\/alieurope.eu\/index.php\/wp-json\/wp\/v2\/types\/product"}],"replies":[{"embeddable":true,"href":"https:\/\/alieurope.eu\/index.php\/wp-json\/wp\/v2\/comments?post=57903"}],"wp:featuredmedia":[{"embeddable":true,"href":"https:\/\/alieurope.eu\/index.php\/wp-json\/wp\/v2\/media\/58089"}],"wp:attachment":[{"href":"https:\/\/alieurope.eu\/index.php\/wp-json\/wp\/v2\/media?parent=57903"}],"wp:term":[{"taxonomy":"product_brand","embeddable":true,"href":"https:\/\/alieurope.eu\/index.php\/wp-json\/wp\/v2\/product_brand?post=57903"},{"taxonomy":"product_cat","embeddable":true,"href":"https:\/\/alieurope.eu\/index.php\/wp-json\/wp\/v2\/product_cat?post=57903"},{"taxonomy":"product_tag","embeddable":true,"href":"https:\/\/alieurope.eu\/index.php\/wp-json\/wp\/v2\/product_tag?post=57903"}],"curies":[{"name":"wp","href":"https:\/\/api.w.org\/{rel}","templated":true}]}}